{"id":3020,"date":"2022-04-14T08:26:13","date_gmt":"2022-04-14T08:26:13","guid":{"rendered":"https:\/\/ranch-velka.si\/?page_id=3020"},"modified":"2023-01-20T13:18:05","modified_gmt":"2023-01-20T13:18:05","slug":"wellness","status":"publish","type":"page","link":"https:\/\/ranch-velka.si\/de\/wellness\/","title":{"rendered":"Wellness"},"content":{"rendered":"<p><div class=\"fusion-fullwidth fullwidth-box fusion-builder-row-1 nonhundred-percent-fullwidth non-hundred-percent-height-scrolling\" style=\"background-color: rgba(255,255,255,0);background-position: center center;background-repeat: no-repeat;padding-top:0px;padding-right:0px;padding-bottom:0px;padding-left:0px;margin-bottom: 0px;margin-top: 0px;border-width: 0px 0px 0px 0px;border-color:#eae9e9;border-style:solid;\" ><div class=\"fusion-builder-row fusion-row\"><div class=\"fusion-layout-column fusion_builder_column fusion-builder-column-0 fusion_builder_column_1_1 1_1 fusion-one-full fusion-column-first fusion-column-last\" style=\"margin-top:0px;margin-bottom:20px;\"><div class=\"fusion-column-wrapper fusion-flex-column-wrapper-legacy\" style=\"background-position:left top;background-repeat:no-repeat;-webkit-background-size:cover;-moz-background-size:cover;-o-background-size:cover;background-size:cover;padding: 0px 0px 0px 0px;\"><div class=\"fusion-sep-clear\"><\/div><div class=\"fusion-separator fusion-no-small-visibility fusion-full-width-sep\" style=\"margin-left: auto;margin-right: auto;margin-top:65px;width:100%;\"><\/div><div class=\"fusion-sep-clear\"><\/div><div class=\"fusion-clearfix\"><\/div><\/div><\/div><\/div><\/div><div class=\"fusion-fullwidth fullwidth-box fusion-builder-row-2 nonhundred-percent-fullwidth non-hundred-percent-height-scrolling\" style=\"background-color: rgba(255,255,255,0);background-position: left top;background-repeat: no-repeat;padding-top:10px;padding-right:0px;padding-bottom:10px;padding-left:0px;margin-bottom: 0px;margin-top: 0px;border-width: 0px 0px 0px 0px;border-color:#eae9e9;border-style:solid;\" ><div class=\"fusion-builder-row fusion-row\"><div class=\"fusion-layout-column fusion_builder_column fusion-builder-column-1 fusion_builder_column_3_5 3_5 fusion-three-fifth fusion-column-first\" style=\"width:58.4%; margin-right: 4%;margin-top:0px;margin-bottom:20px;\"><div class=\"fusion-column-wrapper fusion-flex-column-wrapper-legacy\" style=\"background-position:right bottom;background-blend-mode: overlay;background-repeat:no-repeat;-webkit-background-size:cover;-moz-background-size:cover;-o-background-size:cover;background-size:cover;padding: 0px 0px 0px 0px;\"><style type=\"text\/css\">@media only screen and (max-width:800px) {.fusion-title.fusion-title-1{margin-top:!important;margin-bottom:0px!important;}}<\/style><div class=\"fusion-title title fusion-title-1 fusion-title-text fusion-title-size-two\" style=\"font-size:13px;margin-top:0px;margin-right:0px;margin-bottom:0px;margin-left:0px;\"><h2 class=\"title-heading-left fusion-responsive-typography-calculated\" style=\"font-family:&quot;Raleway&quot;;font-weight:400;margin:0;font-size:1em;letter-spacing:4px;--fontSize:13;--minFontSize:13px;line-height:1.69;\">BEZEICHNUNG<\/h2><span class=\"awb-title-spacer\"><\/span><div class=\"title-sep-container\"><div class=\"title-sep sep-\" style=\"border-color:#e0dede;\"><\/div><\/div><\/div><style type=\"text\/css\">@media only screen and (max-width:800px) {.fusion-title.fusion-title-2{margin-top:!important;margin-bottom:15px!important;}}<\/style><div class=\"fusion-title title fusion-title-2 fusion-title-text fusion-title-size-three\" style=\"font-size:46px;margin-top:0px;margin-right:0px;margin-bottom:15px;margin-left:0px;\"><h3 class=\"title-heading-left fusion-responsive-typography-calculated\" style=\"margin:0;font-size:1em;--fontSize:46;line-height:1.67;\">Wellness<\/h3><span class=\"awb-title-spacer\"><\/span><div class=\"title-sep-container\"><div class=\"title-sep sep-\" style=\"border-color:#e0dede;\"><\/div><\/div><\/div><div class=\"fusion-sep-clear\"><\/div><div class=\"fusion-separator fusion-clearfix\" style=\"float:left;margin-top:0px;margin-bottom:20px;width:100%;max-width:50px;\"><div class=\"fusion-separator-border sep-single sep-solid\" style=\"border-color:#cbaa5c;border-top-width:1px;\"><\/div><\/div><div class=\"fusion-sep-clear\"><\/div><div class=\"fusion-text fusion-text-1\"><p>Im Erdgeschoss gibt es auch ein Wellnesscenter, das zum Verw\u00f6hnen zu zweit oder gedacht ist. f\u00fcr max. 4 Leute. Es verf\u00fcgt \u00fcber eine finnische Sauna bis 90 C, einen Whirlpool f\u00fcr 2 Personen, eine Dusche und einen angenehmen Ort zum Entspannen.<\/p>\n<p><b>VERW\u00d6HNUNG F\u00dcR ZWEI<\/b><\/p>\n<p>WELLNESS MIT FINNISCHER SAUNA; JACUZI, RUHE, DUSCHE UND SEKT<\/p>\n<p>Das Angebot beinhaltet eine dreist\u00fcndige Wellnessmiete f\u00fcr 2 Personen.<\/p>\n<p><i>Unter der Woche t\u00e4glich von 9.00 bis 17.00 Uhr<\/i><\/p>\n<p><b>Preis 60,00 Euro<\/b><\/p>\n<p>sondern<\/p>\n<p><i>Beginn zwischen 17:00 und 21:00 Uhr sowie samstags, sonntags und an Feiertagen<\/i><\/p>\n<p><b>Preis 70,00 Euro<\/b><\/p>\n<p>In beiden F\u00e4llen sind Handt\u00fccher, Saunalaken, Badem\u00e4ntel und Sekt inklusive.<\/p>\n<p>Eine weitere Person zahlt 5 Euro f\u00fcr Handtuch, Bettlaken und Bademantel!<\/p>\n<p>Turisti\u010dna kmetija RAN\u010c VELKA, Spodnja Velka 88, 2213 Zgornja Velka<\/p>\n<p>Weitere Informationen und Reservierungen per Telefon<b> +386 41 610 697 <\/b>oder <b>vojkop@gmail.com.<\/b><\/p>\n<\/div><div class=\"fusion-button-wrapper\"><style>.fusion-button.button-1{border-radius:2px 2px 2px 2px;}<\/style><a class=\"fusion-button button-flat fusion-button-default-size button-default button-1 fusion-button-default-span fusion-button-default-type\" target=\"_self\" href=\"https:\/\/booking.appointy.com\/en-US\/ranchvelka99\/bookings\/calendar\" rel=\"noopener\"><span class=\"fusion-button-text\">buchen<\/span><\/a><\/div><div class=\"fusion-sep-clear\"><\/div><div class=\"fusion-separator fusion-full-width-sep\" style=\"margin-left: auto;margin-right: auto;margin-top:13px;margin-bottom:13px;width:100%;\"><\/div><div class=\"fusion-sep-clear\"><\/div><div class=\"fusion-sep-clear\"><\/div><div class=\"fusion-separator fusion-full-width-sep\" style=\"margin-left: auto;margin-right: auto;margin-top:15px;width:100%;\"><\/div><div class=\"fusion-sep-clear\"><\/div><div class=\"fusion-clearfix\"><\/div><\/div><\/div><div class=\"fusion-layout-column fusion_builder_column fusion-builder-column-2 fusion_builder_column_2_5 2_5 fusion-two-fifth fusion-column-last\" style=\"width:37.6%;margin-top:0px;margin-bottom:0px;\"><div class=\"fusion-column-wrapper fusion-flex-column-wrapper-legacy\" style=\"background-position:right bottom;background-repeat:no-repeat;-webkit-background-size:cover;-moz-background-size:cover;-o-background-size:cover;background-size:cover;border-width: 0 0 0 0;border-color:#ebeef1;border-style:solid;padding: 0px 0px 0px 0px;\"><style>.fusion-imageframe.imageframe-1{ margin-bottom : 20px;}<\/style><span class=\" fusion-imageframe imageframe-none imageframe-1 hover-type-none\"><img width=\"1510\" height=\"1036\" title=\"DSC_3525\" src=\"https:\/\/ranch-velka.si\/wp-content\/uploads\/2022\/04\/DSC_3525.jpg\" data-orig-src=\"https:\/\/ranch-velka.si\/wp-content\/uploads\/2022\/04\/DSC_3525.jpg\" class=\"lazyload img-responsive wp-image-2945\" srcset=\"data:image\/svg+xml,%3Csvg%20xmlns%3D%27http%3A%2F%2Fwww.w3.org%2F2000%2Fsvg%27%20width%3D%271510%27%20height%3D%271036%27%20viewBox%3D%270%200%201510%201036%27%3E%3Crect%20width%3D%271510%27%20height%3D%271036%27%20fill-opacity%3D%220%22%2F%3E%3C%2Fsvg%3E\" data-srcset=\"https:\/\/ranch-velka.si\/wp-content\/uploads\/2022\/04\/DSC_3525-200x137.jpg 200w, https:\/\/ranch-velka.si\/wp-content\/uploads\/2022\/04\/DSC_3525-400x274.jpg 400w, https:\/\/ranch-velka.si\/wp-content\/uploads\/2022\/04\/DSC_3525-600x412.jpg 600w, https:\/\/ranch-velka.si\/wp-content\/uploads\/2022\/04\/DSC_3525-800x549.jpg 800w, https:\/\/ranch-velka.si\/wp-content\/uploads\/2022\/04\/DSC_3525-1200x823.jpg 1200w, https:\/\/ranch-velka.si\/wp-content\/uploads\/2022\/04\/DSC_3525.jpg 1510w\" data-sizes=\"auto\" data-orig-sizes=\"(max-width: 800px) 100vw, 600px\" data-orig- alt=\"\"><\/span><style>.fusion-imageframe.imageframe-2{ margin-bottom : 20px;}<\/style><span class=\" fusion-imageframe imageframe-none imageframe-2 hover-type-none\"><img width=\"1620\" height=\"1080\" title=\"DSC_3518\" src=\"https:\/\/ranch-velka.si\/wp-content\/uploads\/2022\/04\/DSC_3518.jpg\" data-orig-src=\"https:\/\/ranch-velka.si\/wp-content\/uploads\/2022\/04\/DSC_3518.jpg\" class=\"lazyload img-responsive wp-image-2935\" srcset=\"data:image\/svg+xml,%3Csvg%20xmlns%3D%27http%3A%2F%2Fwww.w3.org%2F2000%2Fsvg%27%20width%3D%271620%27%20height%3D%271080%27%20viewBox%3D%270%200%201620%201080%27%3E%3Crect%20width%3D%271620%27%20height%3D%271080%27%20fill-opacity%3D%220%22%2F%3E%3C%2Fsvg%3E\" data-srcset=\"https:\/\/ranch-velka.si\/wp-content\/uploads\/2022\/04\/DSC_3518-200x133.jpg 200w, https:\/\/ranch-velka.si\/wp-content\/uploads\/2022\/04\/DSC_3518-400x267.jpg 400w, https:\/\/ranch-velka.si\/wp-content\/uploads\/2022\/04\/DSC_3518-600x400.jpg 600w, https:\/\/ranch-velka.si\/wp-content\/uploads\/2022\/04\/DSC_3518-800x533.jpg 800w, https:\/\/ranch-velka.si\/wp-content\/uploads\/2022\/04\/DSC_3518-1200x800.jpg 1200w, https:\/\/ranch-velka.si\/wp-content\/uploads\/2022\/04\/DSC_3518.jpg 1620w\" data-sizes=\"auto\" data-orig-sizes=\"(max-width: 800px) 100vw, 600px\" data-orig- alt=\"\"><\/span><style>.fusion-imageframe.imageframe-3{ margin-bottom : 20px;}<\/style><span class=\" fusion-imageframe imageframe-none imageframe-3 hover-type-none\"><img width=\"1620\" height=\"1080\" title=\"DSC_3596\" src=\"https:\/\/ranch-velka.si\/wp-content\/uploads\/2022\/04\/DSC_3596.jpg\" data-orig-src=\"https:\/\/ranch-velka.si\/wp-content\/uploads\/2022\/04\/DSC_3596.jpg\" class=\"lazyload img-responsive wp-image-2942\" srcset=\"data:image\/svg+xml,%3Csvg%20xmlns%3D%27http%3A%2F%2Fwww.w3.org%2F2000%2Fsvg%27%20width%3D%271620%27%20height%3D%271080%27%20viewBox%3D%270%200%201620%201080%27%3E%3Crect%20width%3D%271620%27%20height%3D%271080%27%20fill-opacity%3D%220%22%2F%3E%3C%2Fsvg%3E\" data-srcset=\"https:\/\/ranch-velka.si\/wp-content\/uploads\/2022\/04\/DSC_3596-200x133.jpg 200w, https:\/\/ranch-velka.si\/wp-content\/uploads\/2022\/04\/DSC_3596-400x267.jpg 400w, https:\/\/ranch-velka.si\/wp-content\/uploads\/2022\/04\/DSC_3596-600x400.jpg 600w, https:\/\/ranch-velka.si\/wp-content\/uploads\/2022\/04\/DSC_3596-800x533.jpg 800w, https:\/\/ranch-velka.si\/wp-content\/uploads\/2022\/04\/DSC_3596-1200x800.jpg 1200w, https:\/\/ranch-velka.si\/wp-content\/uploads\/2022\/04\/DSC_3596.jpg 1620w\" data-sizes=\"auto\" data-orig-sizes=\"(max-width: 800px) 100vw, 600px\" data-orig- alt=\"\"><\/span><div class=\"fusion-clearfix\"><\/div><\/div><\/div><\/div><\/div><div class=\"fusion-fullwidth fullwidth-box fusion-builder-row-3 nonhundred-percent-fullwidth non-hundred-percent-height-scrolling\" style=\"background-color: #f4f6f8;background-position: center center;background-repeat: no-repeat;padding-top:0px;padding-right:0px;padding-bottom:0px;padding-left:0px;margin-bottom: 0px;margin-top: 0px;border-width: 0px 0px 0px 0px;border-color:#eae9e9;border-style:solid;\" ><div class=\"fusion-builder-row fusion-row\"><div class=\"fusion-layout-column fusion_builder_column fusion-builder-column-3 fusion_builder_column_1_1 1_1 fusion-one-full fusion-column-first fusion-column-last\" style=\"margin-top:0px;margin-bottom:20px;\"><div class=\"fusion-column-wrapper fusion-flex-column-wrapper-legacy\" style=\"background-position:left top;background-repeat:no-repeat;-webkit-background-size:cover;-moz-background-size:cover;-o-background-size:cover;background-size:cover;padding: 0px 0px 0px 0px;\"><div class=\"fusion-sep-clear\"><\/div><div class=\"fusion-separator fusion-no-small-visibility fusion-full-width-sep\" style=\"margin-left: auto;margin-right: auto;margin-top:50px;width:100%;\"><\/div><div class=\"fusion-sep-clear\"><\/div><div class=\"fusion-clearfix\"><\/div><\/div><\/div><\/div><\/div><div class=\"fusion-fullwidth fullwidth-box fusion-builder-row-4 nonhundred-percent-fullwidth non-hundred-percent-height-scrolling\" style=\"background-color: #f4f6f8;background-position: center center;background-repeat: no-repeat;padding-top:0px;padding-right:0px;padding-bottom:0px;padding-left:0px;margin-bottom: 0px;margin-top: 0px;border-width: 0px 0px 0px 0px;border-color:#eae9e9;border-style:solid;\" ><div class=\"fusion-builder-row fusion-row\"><div class=\"fusion-layout-column fusion_builder_column fusion-builder-column-4 fusion_builder_column_1_1 1_1 fusion-one-full fusion-column-first fusion-column-last\" style=\"margin-top:0px;margin-bottom:20px;\"><div class=\"fusion-column-wrapper fusion-flex-column-wrapper-legacy\" style=\"background-position:left top;background-repeat:no-repeat;-webkit-background-size:cover;-moz-background-size:cover;-o-background-size:cover;background-size:cover;padding: 0px 0px 0px 0px;\"><div class=\"fusion-sep-clear\"><\/div><div class=\"fusion-separator fusion-no-small-visibility fusion-full-width-sep\" style=\"margin-left: auto;margin-right: auto;margin-top:50px;width:100%;\"><\/div><div class=\"fusion-sep-clear\"><\/div><div class=\"fusion-clearfix\"><\/div><\/div><\/div><\/div><\/div><\/p>\n","protected":false},"excerpt":{"rendered":"","protected":false},"author":5,"featured_media":0,"parent":0,"menu_order":0,"comment_status":"closed","ping_status":"closed","template":"100-width.php","meta":[],"_links":{"self":[{"href":"https:\/\/ranch-velka.si\/de\/wp-json\/wp\/v2\/pages\/3020"}],"collection":[{"href":"https:\/\/ranch-velka.si\/de\/wp-json\/wp\/v2\/pages"}],"about":[{"href":"https:\/\/ranch-velka.si\/de\/wp-json\/wp\/v2\/types\/page"}],"author":[{"embeddable":true,"href":"https:\/\/ranch-velka.si\/de\/wp-json\/wp\/v2\/users\/5"}],"replies":[{"embeddable":true,"href":"https:\/\/ranch-velka.si\/de\/wp-json\/wp\/v2\/comments?post=3020"}],"version-history":[{"count":7,"href":"https:\/\/ranch-velka.si\/de\/wp-json\/wp\/v2\/pages\/3020\/revisions"}],"predecessor-version":[{"id":3044,"href":"https:\/\/ranch-velka.si\/de\/wp-json\/wp\/v2\/pages\/3020\/revisions\/3044"}],"wp:attachment":[{"href":"https:\/\/ranch-velka.si\/de\/wp-json\/wp\/v2\/media?parent=3020"}],"curies":[{"name":"wp","href":"https:\/\/api.w.org\/{rel}","templated":true}]}}